{"id":342,"date":"2020-04-30T17:52:33","date_gmt":"2020-04-30T16:52:33","guid":{"rendered":"http:\/\/www.furcom.org\/?page_id=342"},"modified":"2026-02-04T14:52:59","modified_gmt":"2026-02-04T13:52:59","slug":"kontakt","status":"publish","type":"page","link":"https:\/\/www.furcom.org\/index.php\/kontakt\/","title":{"rendered":"Impressum"},"content":{"rendered":"\n<div class=\"wp-block-group\"><div class=\"wp-block-group__inner-container is-layout-flow wp-block-group-is-layout-flow\">\n<p class=\"has-text-align-center\">FurCom Services<br><strong>Eric Kummer<\/strong><br>Informations- und Telekommunikationssystem-Elektroniker<\/p>\n\n\n\n<p class=\"has-text-align-center\">Beratung \u2022 Webservice<br>Funkgera\u0308te-Service \u2022 Melder-Service<br>Funkanlagenbau, -Wartung und -Installation<\/p>\n\n\n\n<p class=\"has-text-align-center\">ISMS Lead Auditor (T\u00dcV\u00ae)<br>Cybersecurity-Awareness-Beauftragte\/r (TU\u0308V\u00ae)<br>ITIL\u00ae 4 Managing Professional<br>IT-Sicherheitsbeauftragter (TU\u0308V\u00ae)<br>Sachverst\u00e4ndiger f\u00fcr Informationssicherheit<br>Amateurfunkzulassung der Klasse A<\/p>\n\n\n<div class=\"wp-block-image\">\n<figure class=\"aligncenter size-full\"><a href=\"https:\/\/www.allianz-fuer-cybersicherheit.de\" target=\"_blank\" rel=\" noreferrer noopener\"><img loading=\"lazy\" decoding=\"async\" width=\"282\" height=\"109\" src=\"https:\/\/www.furcom.org\/wp-content\/uploads\/2026\/02\/Logo_Allianz_fuer_Cyber-Sicherheit_Teilnehmer.jpg\" alt=\"\" class=\"wp-image-431\"\/><\/a><\/figure>\n<\/div>\n\n\n<hr class=\"wp-block-separator has-alpha-channel-opacity\"\/>\n\n\n\n<h3 class=\"wp-block-heading has-text-align-center\">Angaben gem\u00e4\u00df \u00a7 5 DDG<\/h3>\n\n\n\n<p class=\"has-text-align-center\"><strong>Eric Kummer<\/strong><br>Hohes Horn 9<br>D-77652 Offenburg &#8211; Griesheim<\/p>\n\n\n\n<p class=\"has-text-align-center\">Tel.: +49 (781) 1319314<br>eMail: info@furcom.org<br>Web: https:\/\/www.furcom.org\/<\/p>\n\n\n\n<p class=\"has-text-align-center\">DD1NGO QTH JN38XM<\/p>\n\n\n\n<p class=\"has-text-align-center\">Wirtschafts-ID: DE437947632<\/p>\n\n\n\n<p class=\"has-text-align-center\"><em>Als Kleinunternehmer im Sinne von \u00a7 19 Abs. 1 UStG wird keine Umsatzsteuer berechnet.<\/em><\/p>\n<\/div><\/div>\n\n\n\n<p><\/p>\n\n\n\n<p><\/p>\n\n\n\n<p><\/p>\n","protected":false},"excerpt":{"rendered":"<p>FurCom ServicesEric KummerInformations- und Telekommunikationssystem-Elektroniker Beratung \u2022 WebserviceFunkgera\u0308te-Service \u2022 Melder-ServiceFunkanlagenbau, -Wartung und -Installation ISMS Lead Auditor (T\u00dcV\u00ae)Cybersecurity-Awareness-Beauftragte\/r (TU\u0308V\u00ae)ITIL\u00ae 4 Managing ProfessionalIT-Sicherheitsbeauftragter (TU\u0308V\u00ae)Sachverst\u00e4ndiger f\u00fcr InformationssicherheitAmateurfunkzulassung der Klasse A Angaben gem\u00e4\u00df \u00a7 5 DDG Eric KummerHohes Horn 9D-77652 Offenburg &#8211; Griesheim Tel.: +49 (781) 1319314eMail: info@furcom.orgWeb: https:\/\/www.furcom.org\/ DD1NGO QTH JN38XM Wirtschafts-ID: DE437947632 Als Kleinunternehmer im Sinne von [&hellip;]<\/p>\n","protected":false},"author":3,"featured_media":0,"parent":0,"menu_order":0,"comment_status":"closed","ping_status":"closed","template":"","meta":{"ngg_post_thumbnail":0,"footnotes":""},"class_list":["post-342","page","type-page","status-publish","hentry"],"_links":{"self":[{"href":"https:\/\/www.furcom.org\/index.php\/wp-json\/wp\/v2\/pages\/342","targetHints":{"allow":["GET"]}}],"collection":[{"href":"https:\/\/www.furcom.org\/index.php\/wp-json\/wp\/v2\/pages"}],"about":[{"href":"https:\/\/www.furcom.org\/index.php\/wp-json\/wp\/v2\/types\/page"}],"author":[{"embeddable":true,"href":"https:\/\/www.furcom.org\/index.php\/wp-json\/wp\/v2\/users\/3"}],"replies":[{"embeddable":true,"href":"https:\/\/www.furcom.org\/index.php\/wp-json\/wp\/v2\/comments?post=342"}],"version-history":[{"count":19,"href":"https:\/\/www.furcom.org\/index.php\/wp-json\/wp\/v2\/pages\/342\/revisions"}],"predecessor-version":[{"id":434,"href":"https:\/\/www.furcom.org\/index.php\/wp-json\/wp\/v2\/pages\/342\/revisions\/434"}],"wp:attachment":[{"href":"https:\/\/www.furcom.org\/index.php\/wp-json\/wp\/v2\/media?parent=342"}],"curies":[{"name":"wp","href":"https:\/\/api.w.org\/{rel}","templated":true}]}}